{"id":44,"date":"2019-07-24T10:53:05","date_gmt":"2019-07-24T08:53:05","guid":{"rendered":"http:\/\/ecrin-de-miramar.com\/?page_id=44"},"modified":"2019-09-01T13:14:01","modified_gmt":"2019-09-01T11:14:01","slug":"a-2-pas","status":"publish","type":"page","link":"https:\/\/ecrin-de-miramar.com\/index.php\/a-2-pas\/","title":{"rendered":"\u00e0 2 pas"},"content":{"rendered":"\n<p>&#8211; la plage surveill\u00e9e de Miramar directement accessible des jardins de la r\u00e9sidence sans travers\u00e9e de route,<\/p>\n\n\n\n<figure class=\"wp-block-image\"><img loading=\"lazy\" decoding=\"async\" width=\"1024\" height=\"768\" src=\"http:\/\/ecrin-de-miramar.com\/wp-content\/uploads\/2019\/08\/IMG_7099-1024x768.jpg\" alt=\"\" class=\"wp-image-58\" srcset=\"https:\/\/ecrin-de-miramar.com\/wp-content\/uploads\/2019\/08\/IMG_7099-1024x768.jpg 1024w, https:\/\/ecrin-de-miramar.com\/wp-content\/uploads\/2019\/08\/IMG_7099-300x225.jpg 300w, https:\/\/ecrin-de-miramar.com\/wp-content\/uploads\/2019\/08\/IMG_7099-768x576.jpg 768w, https:\/\/ecrin-de-miramar.com\/wp-content\/uploads\/2019\/08\/IMG_7099-1568x1176.jpg 1568w\" sizes=\"auto, (max-width: 1024px) 100vw, 1024px\" \/><figcaption>la plage pour vous tous seuls vers 20H30 , vue sur votre terrasse ( \u00e0 droite des arbres) de votre lieu de baignade&#8230;<\/figcaption><\/figure>\n\n\n\n<figure class=\"wp-block-image\"><img loading=\"lazy\" decoding=\"async\" width=\"1024\" height=\"768\" src=\"http:\/\/ecrin-de-miramar.com\/wp-content\/uploads\/2019\/08\/IMG_7121-1024x768.jpg\" alt=\"\" class=\"wp-image-59\" srcset=\"https:\/\/ecrin-de-miramar.com\/wp-content\/uploads\/2019\/08\/IMG_7121-1024x768.jpg 1024w, https:\/\/ecrin-de-miramar.com\/wp-content\/uploads\/2019\/08\/IMG_7121-300x225.jpg 300w, https:\/\/ecrin-de-miramar.com\/wp-content\/uploads\/2019\/08\/IMG_7121-768x576.jpg 768w, https:\/\/ecrin-de-miramar.com\/wp-content\/uploads\/2019\/08\/IMG_7121-1568x1176.jpg 1568w\" sizes=\"auto, (max-width: 1024px) 100vw, 1024px\" \/><figcaption>on devine les m\u00e2ts des voiliers derri\u00e8re les palmiers sans bouger de la r\u00e9sidence ( photo prise du chemin d&#8217;acc\u00e8s \u00e0 la plage)<\/figcaption><\/figure>\n\n\n\n<p><br> Les commerces \u00e0 proximit\u00e9 au sein du complexe&nbsp; r\u00e9sidentiel: boulangerie, alimentation en libre service, laverie , pizzeria et pizzas \u00e0 emporter, restaurant&#8230;<br> <\/p>\n\n\n\n<figure class=\"wp-block-image\"><img loading=\"lazy\" decoding=\"async\" width=\"1024\" height=\"768\" src=\"http:\/\/ecrin-de-miramar.com\/wp-content\/uploads\/2019\/08\/IMG_7123-1024x768.jpg\" alt=\"\" class=\"wp-image-60\" srcset=\"https:\/\/ecrin-de-miramar.com\/wp-content\/uploads\/2019\/08\/IMG_7123-1024x768.jpg 1024w, https:\/\/ecrin-de-miramar.com\/wp-content\/uploads\/2019\/08\/IMG_7123-300x225.jpg 300w, https:\/\/ecrin-de-miramar.com\/wp-content\/uploads\/2019\/08\/IMG_7123-768x576.jpg 768w, https:\/\/ecrin-de-miramar.com\/wp-content\/uploads\/2019\/08\/IMG_7123-1568x1176.jpg 1568w\" sizes=\"auto, (max-width: 1024px) 100vw, 1024px\" \/><figcaption>au sein du complexe r\u00e9sidentiel, vous y trouverez, tous ce qui est n\u00e9cessaire pour vos achats de proximit\u00e9<\/figcaption><\/figure>\n\n\n\n<p>A 300 m joli petit port de plaisance avec ses animations, ses boutiques, ses restaurants. Tous sports nautiques: plong\u00e9e, ski nautique, moto nautisme, voile&#8230;<br> Plusieurs d\u00e9parts tous les jours pour la visite des \u00eeles.<br> Piste cyclable et sentier du littoral \u00e0 proximit\u00e9.<\/p>\n\n\n\n<figure class=\"wp-block-image\"><img loading=\"lazy\" decoding=\"async\" width=\"1024\" height=\"768\" src=\"http:\/\/ecrin-de-miramar.com\/wp-content\/uploads\/2019\/09\/IMG_5267-1024x768.jpg\" alt=\"\" class=\"wp-image-184\" srcset=\"https:\/\/ecrin-de-miramar.com\/wp-content\/uploads\/2019\/09\/IMG_5267-1024x768.jpg 1024w, https:\/\/ecrin-de-miramar.com\/wp-content\/uploads\/2019\/09\/IMG_5267-300x225.jpg 300w, https:\/\/ecrin-de-miramar.com\/wp-content\/uploads\/2019\/09\/IMG_5267-768x576.jpg 768w, https:\/\/ecrin-de-miramar.com\/wp-content\/uploads\/2019\/09\/IMG_5267-1568x1176.jpg 1568w, https:\/\/ecrin-de-miramar.com\/wp-content\/uploads\/2019\/09\/IMG_5267.jpg 1613w\" sizes=\"auto, (max-width: 1024px) 100vw, 1024px\" \/><figcaption>port Miramar au second plan, votre jogging matinal au d\u00e9part de l&#8217;\u00e9crin de Miramar vers l&#8217;est vous m\u00e8ne dans des anses au paysage vari\u00e9 et sur un sentier c\u00f4tier accident\u00e9 et charmant longeant parfois les vignes parfois les pin\u00e8des<\/figcaption><\/figure>\n\n\n\n<figure class=\"wp-block-embed-youtube wp-block-embed is-type-video is-provider-youtube wp-embed-aspect-16-9 wp-has-aspect-ratio\"><div class=\"wp-block-embed__wrapper\">\n<iframe loading=\"lazy\" title=\"Sentier du littoral de La Londe Les Maures\" width=\"640\" height=\"360\" src=\"https:\/\/www.youtube.com\/embed\/urG2NIcoG1M?feature=oembed\" frameborder=\"0\" allow=\"accelerometer; autoplay; clipboard-write; encrypted-media; gyroscope; picture-in-picture; web-share\" referrerpolicy=\"strict-origin-when-cross-origin\" allowfullscreen><\/iframe>\n<\/div><\/figure>\n","protected":false},"excerpt":{"rendered":"<p>&#8211; la plage surveill\u00e9e de Miramar directement accessible des jardins de la r\u00e9sidence sans travers\u00e9e de route, Les commerces \u00e0 proximit\u00e9 au sein du complexe&nbsp; r\u00e9sidentiel: boulangerie, alimentation en libre service, laverie , pizzeria et pizzas \u00e0 emporter, restaurant&#8230; A 300 m joli petit port de plaisance avec ses animations, ses boutiques, ses restaurants. Tous [&hellip;]<\/p>\n","protected":false},"author":1,"featured_media":0,"parent":0,"menu_order":0,"comment_status":"closed","ping_status":"closed","template":"","meta":{"footnotes":""},"class_list":["post-44","page","type-page","status-publish","hentry","entry"],"_links":{"self":[{"href":"https:\/\/ecrin-de-miramar.com\/index.php\/wp-json\/wp\/v2\/pages\/44","targetHints":{"allow":["GET"]}}],"collection":[{"href":"https:\/\/ecrin-de-miramar.com\/index.php\/wp-json\/wp\/v2\/pages"}],"about":[{"href":"https:\/\/ecrin-de-miramar.com\/index.php\/wp-json\/wp\/v2\/types\/page"}],"author":[{"embeddable":true,"href":"https:\/\/ecrin-de-miramar.com\/index.php\/wp-json\/wp\/v2\/users\/1"}],"replies":[{"embeddable":true,"href":"https:\/\/ecrin-de-miramar.com\/index.php\/wp-json\/wp\/v2\/comments?post=44"}],"version-history":[{"count":9,"href":"https:\/\/ecrin-de-miramar.com\/index.php\/wp-json\/wp\/v2\/pages\/44\/revisions"}],"predecessor-version":[{"id":219,"href":"https:\/\/ecrin-de-miramar.com\/index.php\/wp-json\/wp\/v2\/pages\/44\/revisions\/219"}],"wp:attachment":[{"href":"https:\/\/ecrin-de-miramar.com\/index.php\/wp-json\/wp\/v2\/media?parent=44"}],"curies":[{"name":"wp","href":"https:\/\/api.w.org\/{rel}","templated":true}]}}