{"id":212,"date":"2019-09-01T12:25:02","date_gmt":"2019-09-01T10:25:02","guid":{"rendered":"http:\/\/ecrin-de-miramar.com\/?page_id=212"},"modified":"2019-09-02T21:24:45","modified_gmt":"2019-09-02T19:24:45","slug":"la-residence-vacanza-a-la-londe-les-maures","status":"publish","type":"page","link":"https:\/\/ecrin-de-miramar.com\/index.php\/la-residence-vacanza-a-la-londe-les-maures\/","title":{"rendered":"La r\u00e9sidence Vacanza \u00e0 La Londe Les Maures"},"content":{"rendered":"\n<p>L&#8217;\u00e9crin de Miramar est situ\u00e9 dans l&#8217;un des plus beaux appartements de la r\u00e9sidence Vacanza situ\u00e9e \u00e0 deux pas de la plage de Miramar dans le quartier de la baie des Isles \u00e0 La Londe Les Maures.<\/p>\n\n\n\n<p>Le site web  de la ville de la Londe les Maures est accessible via le lien suivant: <\/p>\n\n\n\n<p><a href=\"http:\/\/ville-lalondelesmaures.fr\/\">http:\/\/ville-lalondelesmaures.fr\/<\/a><\/p>\n\n\n\n<p>le site de l&#8217;office du tourisme est accessible par le lien suivant: <\/p>\n\n\n\n<p><a href=\"https:\/\/www.mpmtourisme.com\/londe-maures\">https:\/\/www.mpmtourisme.com\/londe-maures<\/a><\/p>\n\n\n\n<p>le littoral de La Londe Les Maures est \u00e0 d\u00e9couvrir tout au long de l&#8217;ann\u00e9e et le lien suivant vous donne un avant go\u00fbt qui va conforter votre choix de s\u00e9lection de notre \u00e9crin pour vos vacances: <\/p>\n\n\n\n<figure class=\"wp-block-embed-youtube wp-block-embed is-type-video is-provider-youtube wp-embed-aspect-16-9 wp-has-aspect-ratio\"><div class=\"wp-block-embed__wrapper\">\n<iframe loading=\"lazy\" title=\"La Londe les Maures, un littoral exceptionnel \u00e0 d\u00e9couvrir toute l&#039;ann\u00e9e\" width=\"640\" height=\"360\" src=\"https:\/\/www.youtube.com\/embed\/9Iu-G_X4IO0?feature=oembed\" frameborder=\"0\" allow=\"accelerometer; autoplay; clipboard-write; encrypted-media; gyroscope; picture-in-picture; web-share\" referrerpolicy=\"strict-origin-when-cross-origin\" allowfullscreen><\/iframe>\n<\/div><\/figure>\n\n\n\n<p>un autre site web pour d\u00e9couvrir La Londe et ses environs:<\/p>\n\n\n\n<p><a href=\"http:\/\/www.lalondelesmaures.eu\/\">http:\/\/www.lalondelesmaures.eu\/<\/a><\/p>\n\n\n\n<ul class=\"wp-block-gallery alignfull columns-3 is-cropped wp-block-gallery-1 is-layout-flex wp-block-gallery-is-layout-flex\"><li class=\"blocks-gallery-item\"><figure><img loading=\"lazy\" decoding=\"async\" width=\"634\" height=\"753\" src=\"http:\/\/ecrin-de-miramar.com\/wp-content\/uploads\/2019\/09\/Capture-2.jpg\" alt=\"\" data-id=\"204\" data-link=\"http:\/\/ecrin-de-miramar.com\/capture-2\/\" class=\"wp-image-204\" srcset=\"https:\/\/ecrin-de-miramar.com\/wp-content\/uploads\/2019\/09\/Capture-2.jpg 634w, https:\/\/ecrin-de-miramar.com\/wp-content\/uploads\/2019\/09\/Capture-2-253x300.jpg 253w\" sizes=\"auto, (max-width: 634px) 100vw, 634px\" \/><\/figure><\/li><li class=\"blocks-gallery-item\"><figure><img\/><\/figure><\/li><li class=\"blocks-gallery-item\"><figure><img\/><\/figure><\/li><\/ul>\n\n\n\n<p>Quelques images de la r\u00e9sidence Vacanza<\/p>\n\n\n\n<ul class=\"wp-block-gallery alignfull columns-3 is-cropped wp-block-gallery-2 is-layout-flex wp-block-gallery-is-layout-flex\"><li class=\"blocks-gallery-item\"><figure><img loading=\"lazy\" decoding=\"async\" width=\"605\" height=\"454\" src=\"http:\/\/ecrin-de-miramar.com\/wp-content\/uploads\/2019\/09\/IMG_5229-1.jpg\" alt=\"\" data-id=\"233\" data-link=\"http:\/\/ecrin-de-miramar.com\/img_5229-2\/\" class=\"wp-image-233\" srcset=\"https:\/\/ecrin-de-miramar.com\/wp-content\/uploads\/2019\/09\/IMG_5229-1.jpg 605w, https:\/\/ecrin-de-miramar.com\/wp-content\/uploads\/2019\/09\/IMG_5229-1-300x225.jpg 300w\" sizes=\"auto, (max-width: 605px) 100vw, 605px\" \/><\/figure><\/li><li class=\"blocks-gallery-item\"><figure><img loading=\"lazy\" decoding=\"async\" width=\"807\" height=\"605\" src=\"http:\/\/ecrin-de-miramar.com\/wp-content\/uploads\/2019\/09\/IMG_5226-1.jpg\" alt=\"\" data-id=\"232\" data-link=\"http:\/\/ecrin-de-miramar.com\/img_5226-2\/\" class=\"wp-image-232\" srcset=\"https:\/\/ecrin-de-miramar.com\/wp-content\/uploads\/2019\/09\/IMG_5226-1.jpg 807w, https:\/\/ecrin-de-miramar.com\/wp-content\/uploads\/2019\/09\/IMG_5226-1-300x225.jpg 300w, https:\/\/ecrin-de-miramar.com\/wp-content\/uploads\/2019\/09\/IMG_5226-1-768x576.jpg 768w\" sizes=\"auto, (max-width: 807px) 100vw, 807px\" \/><\/figure><\/li><li class=\"blocks-gallery-item\"><figure><img loading=\"lazy\" decoding=\"async\" width=\"1001\" height=\"730\" src=\"http:\/\/ecrin-de-miramar.com\/wp-content\/uploads\/2019\/09\/annonce-century-21-Bordenave-photo-20-sans-21.jpg\" alt=\"\" data-id=\"231\" data-link=\"http:\/\/ecrin-de-miramar.com\/annonce-century-21-bordenave-photo-20-sans-21\/\" class=\"wp-image-231\" srcset=\"https:\/\/ecrin-de-miramar.com\/wp-content\/uploads\/2019\/09\/annonce-century-21-Bordenave-photo-20-sans-21.jpg 1001w, https:\/\/ecrin-de-miramar.com\/wp-content\/uploads\/2019\/09\/annonce-century-21-Bordenave-photo-20-sans-21-300x219.jpg 300w, https:\/\/ecrin-de-miramar.com\/wp-content\/uploads\/2019\/09\/annonce-century-21-Bordenave-photo-20-sans-21-768x560.jpg 768w\" sizes=\"auto, (max-width: 1001px) 100vw, 1001px\" \/><\/figure><\/li><li class=\"blocks-gallery-item\"><figure><img loading=\"lazy\" decoding=\"async\" width=\"535\" height=\"707\" src=\"http:\/\/ecrin-de-miramar.com\/wp-content\/uploads\/2019\/09\/annonce-century-21-Bordenave-photo-16-sans-21.jpg\" alt=\"\" data-id=\"230\" data-link=\"http:\/\/ecrin-de-miramar.com\/annonce-century-21-bordenave-photo-16-sans-21\/\" class=\"wp-image-230\" srcset=\"https:\/\/ecrin-de-miramar.com\/wp-content\/uploads\/2019\/09\/annonce-century-21-Bordenave-photo-16-sans-21.jpg 535w, https:\/\/ecrin-de-miramar.com\/wp-content\/uploads\/2019\/09\/annonce-century-21-Bordenave-photo-16-sans-21-227x300.jpg 227w\" sizes=\"auto, (max-width: 535px) 100vw, 535px\" \/><\/figure><\/li><li class=\"blocks-gallery-item\"><figure><img loading=\"lazy\" decoding=\"async\" width=\"534\" height=\"737\" src=\"http:\/\/ecrin-de-miramar.com\/wp-content\/uploads\/2019\/09\/annonce-century-21-Bordenave-photo-14-sans-21.jpg\" alt=\"\" data-id=\"228\" data-link=\"http:\/\/ecrin-de-miramar.com\/annonce-century-21-bordenave-photo-14-sans-21\/\" class=\"wp-image-228\" srcset=\"https:\/\/ecrin-de-miramar.com\/wp-content\/uploads\/2019\/09\/annonce-century-21-Bordenave-photo-14-sans-21.jpg 534w, https:\/\/ecrin-de-miramar.com\/wp-content\/uploads\/2019\/09\/annonce-century-21-Bordenave-photo-14-sans-21-217x300.jpg 217w\" sizes=\"auto, (max-width: 534px) 100vw, 534px\" \/><\/figure><\/li><li class=\"blocks-gallery-item\"><figure><img loading=\"lazy\" decoding=\"async\" width=\"540\" height=\"735\" src=\"http:\/\/ecrin-de-miramar.com\/wp-content\/uploads\/2019\/09\/annonce-century-21-Bordenave-photo-15-sans-21.jpg\" alt=\"\" data-id=\"229\" data-link=\"http:\/\/ecrin-de-miramar.com\/annonce-century-21-bordenave-photo-15-sans-21\/\" class=\"wp-image-229\" srcset=\"https:\/\/ecrin-de-miramar.com\/wp-content\/uploads\/2019\/09\/annonce-century-21-Bordenave-photo-15-sans-21.jpg 540w, https:\/\/ecrin-de-miramar.com\/wp-content\/uploads\/2019\/09\/annonce-century-21-Bordenave-photo-15-sans-21-220x300.jpg 220w\" sizes=\"auto, (max-width: 540px) 100vw, 540px\" \/><\/figure><\/li><li class=\"blocks-gallery-item\"><figure><img loading=\"lazy\" decoding=\"async\" width=\"536\" height=\"705\" src=\"http:\/\/ecrin-de-miramar.com\/wp-content\/uploads\/2019\/09\/annonce-century-21-Bordenave-photo-2-sans-21.jpg\" alt=\"\" data-id=\"227\" data-link=\"http:\/\/ecrin-de-miramar.com\/annonce-century-21-bordenave-photo-2-sans-21\/\" class=\"wp-image-227\" srcset=\"https:\/\/ecrin-de-miramar.com\/wp-content\/uploads\/2019\/09\/annonce-century-21-Bordenave-photo-2-sans-21.jpg 536w, https:\/\/ecrin-de-miramar.com\/wp-content\/uploads\/2019\/09\/annonce-century-21-Bordenave-photo-2-sans-21-228x300.jpg 228w\" sizes=\"auto, (max-width: 536px) 100vw, 536px\" \/><\/figure><\/li><\/ul>\n\n\n\n<ul class=\"wp-block-gallery columns-3 is-cropped wp-block-gallery-3 is-layout-flex wp-block-gallery-is-layout-flex\"><li class=\"blocks-gallery-item\"><figure><img loading=\"lazy\" decoding=\"async\" width=\"605\" height=\"454\" src=\"http:\/\/ecrin-de-miramar.com\/wp-content\/uploads\/2019\/09\/IMG_5229.jpg\" alt=\"\" data-id=\"210\" data-link=\"http:\/\/ecrin-de-miramar.com\/img_5229\/\" class=\"wp-image-210\" srcset=\"https:\/\/ecrin-de-miramar.com\/wp-content\/uploads\/2019\/09\/IMG_5229.jpg 605w, https:\/\/ecrin-de-miramar.com\/wp-content\/uploads\/2019\/09\/IMG_5229-300x225.jpg 300w\" sizes=\"auto, (max-width: 605px) 100vw, 605px\" \/><figcaption>palier d&#8217;acc\u00e8s \u00e0 l&#8217;appartement<\/figcaption><\/figure><\/li><li class=\"blocks-gallery-item\"><figure><img loading=\"lazy\" decoding=\"async\" width=\"605\" height=\"454\" src=\"http:\/\/ecrin-de-miramar.com\/wp-content\/uploads\/2019\/09\/IMG_0079.jpg\" alt=\"\" data-id=\"208\" data-link=\"http:\/\/ecrin-de-miramar.com\/img_0079\/\" class=\"wp-image-208\" srcset=\"https:\/\/ecrin-de-miramar.com\/wp-content\/uploads\/2019\/09\/IMG_0079.jpg 605w, https:\/\/ecrin-de-miramar.com\/wp-content\/uploads\/2019\/09\/IMG_0079-300x225.jpg 300w\" sizes=\"auto, (max-width: 605px) 100vw, 605px\" \/><figcaption>de la r\u00e9sidence l&#8217;acc\u00e8s \u00e0 la plage et au port sans traverser une route<\/figcaption><\/figure><\/li><li class=\"blocks-gallery-item\"><figure><img loading=\"lazy\" decoding=\"async\" width=\"537\" height=\"231\" src=\"http:\/\/ecrin-de-miramar.com\/wp-content\/uploads\/2019\/09\/Capture-4.jpg\" alt=\"\" data-id=\"206\" data-link=\"http:\/\/ecrin-de-miramar.com\/capture-4\/\" class=\"wp-image-206\" srcset=\"https:\/\/ecrin-de-miramar.com\/wp-content\/uploads\/2019\/09\/Capture-4.jpg 537w, https:\/\/ecrin-de-miramar.com\/wp-content\/uploads\/2019\/09\/Capture-4-300x129.jpg 300w\" sizes=\"auto, (max-width: 537px) 100vw, 537px\" \/><figcaption>vue a\u00e9rienne de la r\u00e9sidence<\/figcaption><\/figure><\/li><\/ul>\n","protected":false},"excerpt":{"rendered":"<p>L&#8217;\u00e9crin de Miramar est situ\u00e9 dans l&#8217;un des plus beaux appartements de la r\u00e9sidence Vacanza situ\u00e9e \u00e0 deux pas de la plage de Miramar dans le quartier de la baie des Isles \u00e0 La Londe Les Maures. Le site web de la ville de la Londe les Maures est accessible via le lien suivant: http:\/\/ville-lalondelesmaures.fr\/ [&hellip;]<\/p>\n","protected":false},"author":1,"featured_media":0,"parent":0,"menu_order":0,"comment_status":"closed","ping_status":"closed","template":"","meta":{"footnotes":""},"class_list":["post-212","page","type-page","status-publish","hentry","entry"],"_links":{"self":[{"href":"https:\/\/ecrin-de-miramar.com\/index.php\/wp-json\/wp\/v2\/pages\/212","targetHints":{"allow":["GET"]}}],"collection":[{"href":"https:\/\/ecrin-de-miramar.com\/index.php\/wp-json\/wp\/v2\/pages"}],"about":[{"href":"https:\/\/ecrin-de-miramar.com\/index.php\/wp-json\/wp\/v2\/types\/page"}],"author":[{"embeddable":true,"href":"https:\/\/ecrin-de-miramar.com\/index.php\/wp-json\/wp\/v2\/users\/1"}],"replies":[{"embeddable":true,"href":"https:\/\/ecrin-de-miramar.com\/index.php\/wp-json\/wp\/v2\/comments?post=212"}],"version-history":[{"count":7,"href":"https:\/\/ecrin-de-miramar.com\/index.php\/wp-json\/wp\/v2\/pages\/212\/revisions"}],"predecessor-version":[{"id":235,"href":"https:\/\/ecrin-de-miramar.com\/index.php\/wp-json\/wp\/v2\/pages\/212\/revisions\/235"}],"wp:attachment":[{"href":"https:\/\/ecrin-de-miramar.com\/index.php\/wp-json\/wp\/v2\/media?parent=212"}],"curies":[{"name":"wp","href":"https:\/\/api.w.org\/{rel}","templated":true}]}}