{"id":148,"date":"2019-09-01T01:47:36","date_gmt":"2019-08-31T23:47:36","guid":{"rendered":"http:\/\/ecrin-de-miramar.com\/?page_id=148"},"modified":"2019-09-01T09:29:16","modified_gmt":"2019-09-01T07:29:16","slug":"ils-nous-ont-fait-confiance","status":"publish","type":"page","link":"https:\/\/ecrin-de-miramar.com\/index.php\/ils-nous-ont-fait-confiance\/","title":{"rendered":"ils nous ont fait confiance"},"content":{"rendered":"\n<p><strong>Geoffray<\/strong> ( r\u00e9servation du 10 au 17 ao\u00fbt 2019 sur la plateforme Air BnB)<\/p>\n\n\n\n<figure class=\"wp-block-image\"><img loading=\"lazy\" decoding=\"async\" width=\"816\" height=\"960\" src=\"http:\/\/ecrin-de-miramar.com\/wp-content\/uploads\/2019\/09\/avis-de-Geoffray.jpg\" alt=\"\" class=\"wp-image-153\" srcset=\"https:\/\/ecrin-de-miramar.com\/wp-content\/uploads\/2019\/09\/avis-de-Geoffray.jpg 816w, https:\/\/ecrin-de-miramar.com\/wp-content\/uploads\/2019\/09\/avis-de-Geoffray-255x300.jpg 255w, https:\/\/ecrin-de-miramar.com\/wp-content\/uploads\/2019\/09\/avis-de-Geoffray-768x904.jpg 768w\" sizes=\"auto, (max-width: 816px) 100vw, 816px\" \/><\/figure>\n\n\n\n<p><strong>Jonas<\/strong> (r\u00e9servation du 17 au 23 ao\u00fbt 2019 sur la plateforme Air BnB) : <\/p>\n\n\n\n<figure class=\"wp-block-image\"><img loading=\"lazy\" decoding=\"async\" width=\"494\" height=\"381\" src=\"http:\/\/ecrin-de-miramar.com\/wp-content\/uploads\/2019\/09\/avis-Jonas.jpg\" alt=\"\" class=\"wp-image-151\" srcset=\"https:\/\/ecrin-de-miramar.com\/wp-content\/uploads\/2019\/09\/avis-Jonas.jpg 494w, https:\/\/ecrin-de-miramar.com\/wp-content\/uploads\/2019\/09\/avis-Jonas-300x231.jpg 300w\" sizes=\"auto, (max-width: 494px) 100vw, 494px\" \/><\/figure>\n\n\n\n<figure class=\"wp-block-image\"><img loading=\"lazy\" decoding=\"async\" width=\"768\" height=\"1024\" src=\"http:\/\/ecrin-de-miramar.com\/wp-content\/uploads\/2019\/09\/avis-de-Jonas-768x1024.jpg\" alt=\"\" class=\"wp-image-154\" srcset=\"https:\/\/ecrin-de-miramar.com\/wp-content\/uploads\/2019\/09\/avis-de-Jonas-768x1024.jpg 768w, https:\/\/ecrin-de-miramar.com\/wp-content\/uploads\/2019\/09\/avis-de-Jonas-225x300.jpg 225w, https:\/\/ecrin-de-miramar.com\/wp-content\/uploads\/2019\/09\/avis-de-Jonas.jpg 823w\" sizes=\"auto, (max-width: 768px) 100vw, 768px\" \/><\/figure>\n","protected":false},"excerpt":{"rendered":"<p>Geoffray ( r\u00e9servation du 10 au 17 ao\u00fbt 2019 sur la plateforme Air BnB) Jonas (r\u00e9servation du 17 au 23 ao\u00fbt 2019 sur la plateforme Air BnB) :<\/p>\n","protected":false},"author":1,"featured_media":0,"parent":0,"menu_order":0,"comment_status":"closed","ping_status":"closed","template":"","meta":{"footnotes":""},"class_list":["post-148","page","type-page","status-publish","hentry","entry"],"_links":{"self":[{"href":"https:\/\/ecrin-de-miramar.com\/index.php\/wp-json\/wp\/v2\/pages\/148","targetHints":{"allow":["GET"]}}],"collection":[{"href":"https:\/\/ecrin-de-miramar.com\/index.php\/wp-json\/wp\/v2\/pages"}],"about":[{"href":"https:\/\/ecrin-de-miramar.com\/index.php\/wp-json\/wp\/v2\/types\/page"}],"author":[{"embeddable":true,"href":"https:\/\/ecrin-de-miramar.com\/index.php\/wp-json\/wp\/v2\/users\/1"}],"replies":[{"embeddable":true,"href":"https:\/\/ecrin-de-miramar.com\/index.php\/wp-json\/wp\/v2\/comments?post=148"}],"version-history":[{"count":3,"href":"https:\/\/ecrin-de-miramar.com\/index.php\/wp-json\/wp\/v2\/pages\/148\/revisions"}],"predecessor-version":[{"id":155,"href":"https:\/\/ecrin-de-miramar.com\/index.php\/wp-json\/wp\/v2\/pages\/148\/revisions\/155"}],"wp:attachment":[{"href":"https:\/\/ecrin-de-miramar.com\/index.php\/wp-json\/wp\/v2\/media?parent=148"}],"curies":[{"name":"wp","href":"https:\/\/api.w.org\/{rel}","templated":true}]}}