{"id":13,"date":"2019-07-23T15:38:17","date_gmt":"2019-07-23T13:38:17","guid":{"rendered":"http:\/\/ecrin-de-miramar.com\/?page_id=13"},"modified":"2019-08-17T11:56:33","modified_gmt":"2019-08-17T09:56:33","slug":"apparthotel-a-la-londe-les-maures-vue-sur-mer-acces-direct-a-la-plage-location-de-vacances-court-ou-moyens-sejours-en-face-des-iles-dor","status":"publish","type":"page","link":"https:\/\/ecrin-de-miramar.com\/","title":{"rendered":"L&#8217;\u00e9crin de Miramar"},"content":{"rendered":"\n<figure class=\"wp-block-image alignwide\"><img loading=\"lazy\" decoding=\"async\" width=\"1024\" height=\"576\" src=\"http:\/\/ecrin-de-miramar.com\/wp-content\/uploads\/2019\/08\/20190808_132330-1024x576.jpg\" alt=\"\" class=\"wp-image-50\" srcset=\"https:\/\/ecrin-de-miramar.com\/wp-content\/uploads\/2019\/08\/20190808_132330-1024x576.jpg 1024w, https:\/\/ecrin-de-miramar.com\/wp-content\/uploads\/2019\/08\/20190808_132330-300x169.jpg 300w, https:\/\/ecrin-de-miramar.com\/wp-content\/uploads\/2019\/08\/20190808_132330-768x432.jpg 768w, https:\/\/ecrin-de-miramar.com\/wp-content\/uploads\/2019\/08\/20190808_132330-1568x882.jpg 1568w\" sizes=\"auto, (max-width: 1024px) 100vw, 1024px\" \/><figcaption>Une vue exceptionnelle imprenable<\/figcaption><\/figure>\n\n\n\n<p><strong>Charmant appartement \u00e0 La Londe les Maures, entre mer et nature, au style chaleureux, pleine vue sur la M\u00e9diterran\u00e9e, acc\u00e8s direct \u00e0 la plage, location de vacances court ou moyens s\u00e9jours en face des \u00eeles d&#8217;Or<\/strong><\/p>\n\n\n\n<p> Vous trouverez sur le site &#8220;L\u2019\u00c9crin de Miramar&#8221; les informations pour pr\u00e9parer des vacances dor\u00e9es! <\/p>\n\n\n\n<p>Tout d&#8217;abord, vous d\u00e9couvrirez pour commencer &#8220;l\u2019\u00c9crin de Miramar&#8221; que nous vous proposons en location sur quelques jours ou plusieurs semaines. Situ\u00e9 sur l\u2019une des plus belles parties du littoral varois, son positionnement et ses prestations en font l&#8217;une des meilleures locations de vacances familiales de courts s\u00e9jours de la r\u00e9gion.<\/p>\n\n\n\n<p>Nous vous proposons le confort&nbsp;de votre foyer, la libert\u00e9 d\u2019un appartement au c\u0153ur de la station baln\u00e9aire de La Londe les Maures \u00e0 deux pas du massif des Maures, au meilleur rapport qualit\u00e9 prix\u2026 Notre objectif est que vous vous y sentiez aussi bien que nous lorsque nous l&#8217;avons visit\u00e9 pour la premi\u00e8re fois, c&#8217;est \u00e0 dire comme chez vous&#8230;&nbsp;<\/p>\n\n\n\n<p>Vous trouverez \u00e9galement sur notre site, de nombreuses informations sur La Londe les Maures (&nbsp;activit\u00e9s tout au long de l\u2019ann\u00e9e\u2026)- et ses environs\u2026 Et un peu plus encore pour pr\u00e9parer un merveilleux s\u00e9jour, pour quelques nuits, une \u2026ou quelques semaines.<\/p>\n\n\n\n<p>Id\u00e9alement situ\u00e9 au coeur du Var \u00e0 mi-distance entre Saint-Tropez et Sanary-sur-Mer, notre location de vacance vous permettra de d\u00e9couvrir une des parties les plus belles du littoral varois\u00a0mais aussi l&#8217;arri\u00e8re pays. <\/p>\n\n\n\n<figure class=\"wp-block-image\"><img loading=\"lazy\" decoding=\"async\" width=\"1024\" height=\"768\" src=\"http:\/\/ecrin-de-miramar.com\/wp-content\/uploads\/2019\/08\/IMG_7056-1024x768.jpg\" alt=\"\" class=\"wp-image-53\" srcset=\"https:\/\/ecrin-de-miramar.com\/wp-content\/uploads\/2019\/08\/IMG_7056-1024x768.jpg 1024w, https:\/\/ecrin-de-miramar.com\/wp-content\/uploads\/2019\/08\/IMG_7056-300x225.jpg 300w, https:\/\/ecrin-de-miramar.com\/wp-content\/uploads\/2019\/08\/IMG_7056-768x576.jpg 768w, https:\/\/ecrin-de-miramar.com\/wp-content\/uploads\/2019\/08\/IMG_7056-1568x1176.jpg 1568w\" sizes=\"auto, (max-width: 1024px) 100vw, 1024px\" \/><figcaption>Le massif des Maures en guise d&#8217;horizon au nord, vue du seuil d&#8217;entr\u00e9e, de la chambre parentale ou de la mezzanine&#8230;<\/figcaption><\/figure>\n","protected":false},"excerpt":{"rendered":"<p>Charmant appartement \u00e0 La Londe les Maures, entre mer et nature, au style chaleureux, pleine vue sur la M\u00e9diterran\u00e9e, acc\u00e8s direct \u00e0 la plage, location de vacances court ou moyens s\u00e9jours en face des \u00eeles d&#8217;Or Vous trouverez sur le site &#8220;L\u2019\u00c9crin de Miramar&#8221; les informations pour pr\u00e9parer des vacances dor\u00e9es! Tout d&#8217;abord, vous d\u00e9couvrirez [&hellip;]<\/p>\n","protected":false},"author":1,"featured_media":0,"parent":0,"menu_order":0,"comment_status":"closed","ping_status":"closed","template":"","meta":{"footnotes":""},"class_list":["post-13","page","type-page","status-publish","hentry","entry"],"_links":{"self":[{"href":"https:\/\/ecrin-de-miramar.com\/index.php\/wp-json\/wp\/v2\/pages\/13","targetHints":{"allow":["GET"]}}],"collection":[{"href":"https:\/\/ecrin-de-miramar.com\/index.php\/wp-json\/wp\/v2\/pages"}],"about":[{"href":"https:\/\/ecrin-de-miramar.com\/index.php\/wp-json\/wp\/v2\/types\/page"}],"author":[{"embeddable":true,"href":"https:\/\/ecrin-de-miramar.com\/index.php\/wp-json\/wp\/v2\/users\/1"}],"replies":[{"embeddable":true,"href":"https:\/\/ecrin-de-miramar.com\/index.php\/wp-json\/wp\/v2\/comments?post=13"}],"version-history":[{"count":12,"href":"https:\/\/ecrin-de-miramar.com\/index.php\/wp-json\/wp\/v2\/pages\/13\/revisions"}],"predecessor-version":[{"id":68,"href":"https:\/\/ecrin-de-miramar.com\/index.php\/wp-json\/wp\/v2\/pages\/13\/revisions\/68"}],"wp:attachment":[{"href":"https:\/\/ecrin-de-miramar.com\/index.php\/wp-json\/wp\/v2\/media?parent=13"}],"curies":[{"name":"wp","href":"https:\/\/api.w.org\/{rel}","templated":true}]}}